{"id":357362,"date":"2024-02-12T13:07:01","date_gmt":"2024-02-12T11:07:01","guid":{"rendered":"https:\/\/bokascooter.com\/sartlar\/"},"modified":"2025-02-14T00:17:47","modified_gmt":"2025-02-13T22:17:47","slug":"sartlar","status":"publish","type":"page","link":"https:\/\/bokascooter.com\/tr\/sartlar\/","title":{"rendered":"\u015eartlar"},"content":{"rendered":"<p>[et_pb_section fb_built=&#8221;1&#8243; custom_padding_last_edited=&#8221;on|phone&#8221; _builder_version=&#8221;4.24.2&#8243; _module_preset=&#8221;default&#8221; background_enable_color=&#8221;off&#8221; use_background_color_gradient=&#8221;on&#8221; background_color_gradient_stops=&#8221;#f1f1f1 0%|rgba(241,241,241,0.6) 36%&#8221; background_image=&#8221;https:\/\/bokascooter.com\/wp-content\/uploads\/2024\/02\/Uslovi-ugovor.jpg&#8221; background_position=&#8221;bottom_center&#8221; background_vertical_offset=&#8221;31%&#8221; background_blend=&#8221;overlay&#8221; custom_margin=&#8221;||20px||false|false&#8221; custom_padding=&#8221;200px||0px||false|false&#8221; custom_padding_tablet=&#8221;180px||0px||false|false&#8221; custom_padding_phone=&#8221;140px||||false|false&#8221; global_colors_info=&#8221;{}&#8221;][et_pb_row _builder_version=&#8221;4.24.0&#8243; _module_preset=&#8221;default&#8221; width=&#8221;90%&#8221; custom_padding=&#8221;||0px||false|false&#8221; global_colors_info=&#8221;{}&#8221;][et_pb_column type=&#8221;4_4&#8243; _builder_version=&#8221;4.24.0&#8243; _module_preset=&#8221;default&#8221; global_colors_info=&#8221;{}&#8221;][et_pb_text _builder_version=&#8221;4.24.0&#8243; _module_preset=&#8221;default&#8221; header_font=&#8221;|700|||||||&#8221; header_font_size=&#8221;45px&#8221; background_image=&#8221;https:\/\/bokascooter.com\/wp-content\/uploads\/2024\/02\/Ellipse-bck.png&#8221; background_size=&#8221;contain&#8221; background_position=&#8221;center_left&#8221; custom_margin=&#8221;||-35px||false|false&#8221; custom_padding=&#8221;45px||40px|20px|false|false&#8221; custom_padding_tablet=&#8221;45px||40px||false|false&#8221; custom_padding_phone=&#8221;35px||30px||false|false&#8221; custom_padding_last_edited=&#8221;on|desktop&#8221; header_font_size_tablet=&#8221;40px&#8221; header_font_size_phone=&#8221;35px&#8221; header_font_size_last_edited=&#8221;on|phone&#8221; global_colors_info=&#8221;{}&#8221;]<\/p>\n<h1>Kullan\u0131m \u015eartlar\u0131<\/h1>\n<p>[\/et_pb_text][\/et_pb_column][\/et_pb_row][\/et_pb_section][et_pb_section fb_built=&#8221;1&#8243; _builder_version=&#8221;4.24.0&#8243; _module_preset=&#8221;default&#8221; global_colors_info=&#8221;{}&#8221;][et_pb_row _builder_version=&#8221;4.24.0&#8243; _module_preset=&#8221;default&#8221; width=&#8221;90%&#8221; custom_padding=&#8221;0px||0px||true|false&#8221; global_colors_info=&#8221;{}&#8221;][et_pb_column type=&#8221;4_4&#8243; _builder_version=&#8221;4.24.0&#8243; _module_preset=&#8221;default&#8221; global_colors_info=&#8221;{}&#8221;][et_pb_text _builder_version=&#8221;4.24.0&#8243; _module_preset=&#8221;default&#8221; text_orientation=&#8221;justified&#8221; custom_margin=&#8221;||0px||false|false&#8221; global_colors_info=&#8221;{}&#8221;]<\/p>\n<p><strong>Genel Kiralama \u015eartlar\u0131<br \/><\/strong>Genel kiralama \u015fartlar\u0131, kiraya veren ile scooter kullan\u0131c\u0131s\u0131 aras\u0131ndaki hak ve y\u00fck\u00fcml\u00fcl\u00fckleri belirler. Hizmet kullan\u0131c\u0131s\u0131, scooter kiralama s\u00f6zle\u015fmesini ve teslim alma s\u0131ras\u0131nda scooter durumu formunu imzalayarak, t\u00fcm kiralama \u015fartlar\u0131na ve ko\u015fullar\u0131na uymakla sorumludur.<br \/><strong><\/strong><\/p>\n<p><strong>S\u00f6zle\u015fme<br \/><\/strong>Hizmet kullan\u0131c\u0131s\u0131 hakk\u0131nda t\u00fcm gerekli bilgileri, teslim alma yeri, tarih ve saat, scooter kay\u0131t numaras\u0131, \u00f6deme y\u00f6ntemi i\u00e7erir\u2026 Kiraya veren, s\u00f6zle\u015fmeyi \u015firketin m\u00fchr\u00fcyle onaylamakla y\u00fck\u00fcml\u00fcd\u00fcr. Kullan\u0131c\u0131, kom\u015fu \u00fclkelere gitmek isterse, kiraya vereni bilgilendirmek zorundad\u0131r, kiraya veren ise \u00fclke d\u0131\u015f\u0131na \u00e7\u0131k\u0131\u015f i\u00e7in \u00f6zel bir izin verecektir. S\u00f6zle\u015fme, kullan\u0131c\u0131 scooter&#8217;\u0131 kiraya verene geri teslim edene ve anahtarlar\u0131 ve belgeleri teslim edene kadar ge\u00e7erlidir. Kiralama s\u00fcresi bitmeden s\u00f6zle\u015fmeyi atmay\u0131n. Bir kaza durumunda, ajans\u0131 hemen bilgilendirin.<\/p>\n<p><strong>Scooter Durumu Formu<br \/><\/strong>Scooter teslim almadan \u00f6nce yerinde doldurulur. Kiraya veren ve kullan\u0131c\u0131, motorun durumunu ve scooter ile gelen ekipman\u0131 birlikte belirler. Form, kilometre durumu, kask say\u0131s\u0131, yak\u0131t miktar\u0131, scooter&#8217;daki herhangi bir hasar ve kusurlar\u0131 i\u00e7erir.<br \/><strong><\/strong><\/p>\n<p><strong>Fiyat Listeleri<br \/><\/strong>Scooter fiyat listesi, kiraya verenin i\u00e7 d\u00fczenlemesidir ve kiralama g\u00fcn say\u0131s\u0131na, teslim alma ve iade yerlerine, ayr\u0131ca y\u0131ll\u0131k d\u00f6neme ba\u011fl\u0131 olarak de\u011fi\u015febilir. Depozito tutar\u0131, motor kapasitesine ve scooter markas\u0131na g\u00f6re belirlenir. Fiyat, KDV&#8217;yi i\u00e7erir. \u00d6deme, scooter teslim al\u0131nd\u0131\u011f\u0131nda euro cinsinden yap\u0131l\u0131r.<\/p>\n<p>[\/et_pb_text][\/et_pb_column][\/et_pb_row][\/et_pb_section][et_pb_section fb_built=&#8221;1&#8243; _builder_version=&#8221;4.24.0&#8243; _module_preset=&#8221;default&#8221; background_color=&#8221;#F1F1F1&#8243; global_colors_info=&#8221;{}&#8221;][et_pb_row _builder_version=&#8221;4.24.0&#8243; _module_preset=&#8221;default&#8221; background_enable_color=&#8221;off&#8221; background_enable_image=&#8221;off&#8221; background_size=&#8221;contain&#8221; background_blend=&#8221;overlay&#8221; width=&#8221;90%&#8221; custom_padding=&#8221;0px||0px||false|false&#8221; locked=&#8221;off&#8221; global_colors_info=&#8221;{}&#8221;][et_pb_column type=&#8221;4_4&#8243; _builder_version=&#8221;4.24.0&#8243; _module_preset=&#8221;default&#8221; global_colors_info=&#8221;{}&#8221;][et_pb_text _builder_version=&#8221;4.24.0&#8243; _module_preset=&#8221;default&#8221; header_2_font=&#8221;|700|||||||&#8221; header_2_font_size=&#8221;40px&#8221; custom_margin=&#8221;0px||10px||false|false&#8221; custom_padding=&#8221;7px|||10px|false|false&#8221; header_2_font_size_tablet=&#8221;32px&#8221; header_2_font_size_phone=&#8221;30px&#8221; header_2_font_size_last_edited=&#8221;on|phone&#8221; border_width_left=&#8221;6px&#8221; border_color_left=&#8221;gcid-def35d77-8589-4b44-ba15-719b5a5b8058&#8243; global_colors_info=&#8221;{%22gcid-def35d77-8589-4b44-ba15-719b5a5b8058%22:%91%22border_color_left%22%93}&#8221;]<\/p>\n<h2>Ko\u015fullar<\/h2>\n<p>[\/et_pb_text][dsm_icon_list list_space_between=&#8221;15px&#8221; _builder_version=&#8221;4.26.0&#8243; _module_preset=&#8221;default&#8221; text_line_height=&#8221;1.1em&#8221; global_colors_info=&#8221;{}&#8221;][dsm_icon_list_child text=&#8221;18 ya\u015f\u0131ndan b\u00fcy\u00fck olma&#8221; font_icon=&#8221;&#xf058;||fa||900&#8243; icon_color=&#8221;#56C5D0&#8243; icon_font_size=&#8221;20px&#8221; _builder_version=&#8221;4.24.0&#8243; _module_preset=&#8221;default&#8221; custom_margin=&#8221;|||20px|false|false&#8221; global_colors_info=&#8221;{}&#8221;][\/dsm_icon_list_child][dsm_icon_list_child text=&#8221;Motor kapasitesine ba\u011fl\u0131 ge\u00e7erli ehliyet&#8221; font_icon=&#8221;&#xf058;||fa||900&#8243; icon_color=&#8221;#56C5D0&#8243; icon_font_size=&#8221;20px&#8221; _builder_version=&#8221;4.24.0&#8243; _module_preset=&#8221;default&#8221; custom_margin=&#8221;|||20px|false|false&#8221; global_colors_info=&#8221;{}&#8221;][\/dsm_icon_list_child][dsm_icon_list_child text=&#8221;Kiralama s\u00fcresi 24 saat (g\u00fcn)&#8221; font_icon=&#8221;&#xf058;||fa||900&#8243; icon_color=&#8221;#56C5D0&#8243; icon_font_size=&#8221;20px&#8221; _builder_version=&#8221;4.24.0&#8243; _module_preset=&#8221;default&#8221; custom_margin=&#8221;|||20px|false|false&#8221; global_colors_info=&#8221;{}&#8221;][\/dsm_icon_list_child][dsm_icon_list_child text=&#8221;Nakit \u00f6deme (pe\u015fin)&#8221; font_icon=&#8221;&#xf058;||fa||900&#8243; icon_color=&#8221;#56C5D0&#8243; icon_font_size=&#8221;20px&#8221; _builder_version=&#8221;4.24.0&#8243; _module_preset=&#8221;default&#8221; custom_margin=&#8221;|||20px|false|false&#8221; global_colors_info=&#8221;{}&#8221;][\/dsm_icon_list_child][dsm_icon_list_child text=&#8221;Nakit depozito (pasaport), depozito herhangi bir hasar durumunda geri \u00f6denmez&#8221; font_icon=&#8221;&#xf058;||fa||900&#8243; icon_color=&#8221;#56C5D0&#8243; icon_font_size=&#8221;20px&#8221; _builder_version=&#8221;4.24.2&#8243; _module_preset=&#8221;default&#8221; custom_margin=&#8221;|||20px|false|false&#8221; global_colors_info=&#8221;{}&#8221;][\/dsm_icon_list_child][dsm_icon_list_child text=&#8221;Scooter tam depo ile kiralan\u0131r&#8221; font_icon=&#8221;&#xf058;||fa||900&#8243; icon_color=&#8221;#56C5D0&#8243; icon_font_size=&#8221;20px&#8221; _builder_version=&#8221;4.24.0&#8243; _module_preset=&#8221;default&#8221; custom_margin=&#8221;|||20px|false|false&#8221; global_colors_info=&#8221;{}&#8221;][\/dsm_icon_list_child][dsm_icon_list_child text=&#8221;Scooter&#039;\u0131 tam depo ile iade edin&#8221; font_icon=&#8221;&#xf058;||fa||900&#8243; icon_color=&#8221;#56C5D0&#8243; icon_font_size=&#8221;20px&#8221; _builder_version=&#8221;4.24.0&#8243; _module_preset=&#8221;default&#8221; custom_margin=&#8221;|||20px|false|false&#8221; global_colors_info=&#8221;{}&#8221;][\/dsm_icon_list_child][dsm_icon_list_child text=&#8221;Eksik yak\u0131t i\u00e7in tam depo bedeli 15\u20ac&#8221; font_icon=&#8221;&#xf058;||fa||900&#8243; icon_color=&#8221;#56C5D0&#8243; icon_font_size=&#8221;20px&#8221; _builder_version=&#8221;4.24.2&#8243; _module_preset=&#8221;default&#8221; custom_margin=&#8221;|||20px|false|false&#8221; global_colors_info=&#8221;{}&#8221;][\/dsm_icon_list_child][dsm_icon_list_child text=&#8221;Super 95, 98 yak\u0131t&#8221; font_icon=&#8221;&#xf058;||fa||900&#8243; icon_color=&#8221;#56C5D0&#8243; icon_font_size=&#8221;20px&#8221; _builder_version=&#8221;4.24.0&#8243; _module_preset=&#8221;default&#8221; custom_margin=&#8221;|||20px|false|false&#8221; global_colors_info=&#8221;{}&#8221;][\/dsm_icon_list_child][dsm_icon_list_child text=&#8221;Sadece s\u00f6zle\u015fmede belirtilen ki\u015fi scooter&#039;\u0131 s\u00fcrebilir&#8221; font_icon=&#8221;&#xf058;||fa||900&#8243; icon_color=&#8221;#56C5D0&#8243; icon_font_size=&#8221;20px&#8221; _builder_version=&#8221;4.24.0&#8243; _module_preset=&#8221;default&#8221; custom_margin=&#8221;|||20px|false|false&#8221; global_colors_info=&#8221;{}&#8221;][\/dsm_icon_list_child][dsm_icon_list_child text=&#8221;Park etme ve trafik cezalar\u0131, m\u00fc\u015fterilerin sorumlulu\u011fundad\u0131r&#8221; font_icon=&#8221;&#xf058;||fa||900&#8243; icon_color=&#8221;#56C5D0&#8243; icon_font_size=&#8221;20px&#8221; _builder_version=&#8221;4.24.0&#8243; _module_preset=&#8221;default&#8221; custom_margin=&#8221;|||20px|false|false&#8221; global_colors_info=&#8221;{}&#8221;][\/dsm_icon_list_child][dsm_icon_list_child text=&#8221;Yollar d\u0131\u015f\u0131nda s\u00fcr\u00fc\u015f ve alkol ve uyu\u015fturucu etkisi alt\u0131nda s\u00fcr\u00fc\u015f yasakt\u0131r&#8221; font_icon=&#8221;&#xf058;||fa||900&#8243; icon_color=&#8221;#56C5D0&#8243; icon_font_size=&#8221;20px&#8221; _builder_version=&#8221;4.24.0&#8243; _module_preset=&#8221;default&#8221; custom_margin=&#8221;|||20px|false|false&#8221; global_colors_info=&#8221;{}&#8221;][\/dsm_icon_list_child][dsm_icon_list_child text=&#8221;Tivat d\u0131\u015f\u0131nda teslimatlar ek \u00fccretlidir&#8221; font_icon=&#8221;&#xf058;||fa||900&#8243; icon_color=&#8221;#56C5D0&#8243; icon_font_size=&#8221;20px&#8221; _builder_version=&#8221;4.24.0&#8243; _module_preset=&#8221;default&#8221; custom_margin=&#8221;|||20px|false|false&#8221; global_colors_info=&#8221;{}&#8221;][\/dsm_icon_list_child][dsm_icon_list_child text=&#8221;Yaz\u0131l\u0131 izinle s\u0131n\u0131r d\u0131\u015f\u0131 s\u00fcr\u00fc\u015f\u00fc (g\u00fcnl\u00fck 30\u20ac)&#8221; font_icon=&#8221;&#xf058;||fa||900&#8243; icon_color=&#8221;#56C5D0&#8243; icon_font_size=&#8221;20px&#8221; _builder_version=&#8221;4.24.2&#8243; _module_preset=&#8221;default&#8221; custom_margin=&#8221;|||20px|false|false&#8221; global_colors_info=&#8221;{}&#8221;][\/dsm_icon_list_child][dsm_icon_list_child text=&#8221;30 dakikaya kadar ge\u00e7 teslimatlar kabul edilir, sonras\u0131nda ek bir g\u00fcnl\u00fck \u00fccret uygulan\u0131r&#8221; font_icon=&#8221;&#xf058;||fa||900&#8243; icon_color=&#8221;#56C5D0&#8243; icon_font_size=&#8221;20px&#8221; _builder_version=&#8221;4.24.0&#8243; _module_preset=&#8221;default&#8221; custom_margin=&#8221;|||20px|false|false&#8221; global_colors_info=&#8221;{}&#8221;][\/dsm_icon_list_child][dsm_icon_list_child text=&#8221;Kaybolan anahtarlar 50\u20ac&#8221; font_icon=&#8221;&#xf058;||fa||900&#8243; icon_color=&#8221;#56C5D0&#8243; icon_font_size=&#8221;20px&#8221; _builder_version=&#8221;4.24.0&#8243; _module_preset=&#8221;default&#8221; custom_margin=&#8221;|||20px|false|false&#8221; global_colors_info=&#8221;{}&#8221;][\/dsm_icon_list_child][dsm_icon_list_child text=&#8221;Kasklar\u0131n kaybolmas\u0131 veya hasar g\u00f6rmesi 100\u20ac&#8221; font_icon=&#8221;&#xf058;||fa||900&#8243; icon_color=&#8221;#56C5D0&#8243; icon_font_size=&#8221;20px&#8221; _builder_version=&#8221;4.26.0&#8243; _module_preset=&#8221;default&#8221; custom_margin=&#8221;|||20px|false|false&#8221; global_colors_info=&#8221;{}&#8221;][\/dsm_icon_list_child][dsm_icon_list_child text=&#8221;Belgelerin kaybolmas\u0131 100\u20ac&#8221; font_icon=&#8221;&#xf058;||fa||900&#8243; icon_color=&#8221;#56C5D0&#8243; icon_font_size=&#8221;20px&#8221; _builder_version=&#8221;4.26.0&#8243; _module_preset=&#8221;default&#8221; custom_margin=&#8221;|||20px|false|false&#8221; global_colors_info=&#8221;{}&#8221;][\/dsm_icon_list_child][\/dsm_icon_list][\/et_pb_column][\/et_pb_row][\/et_pb_section]<\/p>\n","protected":false},"excerpt":{"rendered":"<p>Kullan\u0131m \u015eartlar\u0131Genel Kiralama \u015eartlar\u0131Genel kiralama \u015fartlar\u0131, kiraya veren ile scooter kullan\u0131c\u0131s\u0131 aras\u0131ndaki hak ve y\u00fck\u00fcml\u00fcl\u00fckleri belirler. Hizmet kullan\u0131c\u0131s\u0131, scooter kiralama s\u00f6zle\u015fmesini ve teslim alma s\u0131ras\u0131nda scooter durumu formunu imzalayarak, t\u00fcm kiralama \u015fartlar\u0131na ve ko\u015fullar\u0131na uymakla sorumludur. S\u00f6zle\u015fmeHizmet kullan\u0131c\u0131s\u0131 hakk\u0131nda t\u00fcm gerekli bilgileri, teslim alma yeri, tarih ve saat, scooter kay\u0131t numaras\u0131, \u00f6deme y\u00f6ntemi i\u00e7erir\u2026 Kiraya veren, s\u00f6zle\u015fmeyi \u015firketin m\u00fchr\u00fcyle onaylamakla y\u00fck\u00fcml\u00fcd\u00fcr. Kullan\u0131c\u0131, kom\u015fu \u00fclkelere gitmek isterse, kiraya vereni bilgilendirmek zorundad\u0131r, kiraya veren ise \u00fclke d\u0131\u015f\u0131na \u00e7\u0131k\u0131\u015f i\u00e7in \u00f6zel bir izin verecektir. S\u00f6zle\u015fme, kullan\u0131c\u0131 scooter&#8217;\u0131 kiraya verene geri teslim edene ve anahtarlar\u0131 ve belgeleri teslim edene kadar ge\u00e7erlidir. Kiralama s\u00fcresi bitmeden s\u00f6zle\u015fmeyi atmay\u0131n. Bir kaza durumunda, ajans\u0131 hemen bilgilendirin. Scooter Durumu FormuScooter teslim almadan \u00f6nce yerinde doldurulur. Kiraya veren ve kullan\u0131c\u0131, motorun durumunu ve scooter ile gelen ekipman\u0131 birlikte belirler. Form, kilometre durumu, kask say\u0131s\u0131, yak\u0131t miktar\u0131, scooter&#8217;daki herhangi bir hasar ve kusurlar\u0131 i\u00e7erir. Fiyat ListeleriScooter fiyat listesi, kiraya verenin i\u00e7 d\u00fczenlemesidir ve kiralama g\u00fcn say\u0131s\u0131na, teslim alma ve iade yerlerine, ayr\u0131ca y\u0131ll\u0131k d\u00f6neme ba\u011fl\u0131 olarak de\u011fi\u015febilir. Depozito tutar\u0131, motor kapasitesine ve scooter markas\u0131na g\u00f6re belirlenir. Fiyat, KDV&#8217;yi i\u00e7erir. \u00d6deme, scooter teslim al\u0131nd\u0131\u011f\u0131nda euro cinsinden yap\u0131l\u0131r.Ko\u015fullar<div class=\"et_pb_module dsm_icon_list dsm_icon_list_0\">\n\t\t\t\t\n\t\t\t\t\n\t\t\t\t\n\t\t\t\t\n\t\t\t\t\n\t\t\t\t\n\t\t\t\t<div class=\"et_pb_module_inner\">\n\t\t\t\t\t<ul class=\"dsm_icon_list_items dsm_icon_list_ltr_direction dsm_icon_list_layout_vertical\"><\/ul>\n\t\t\t\t<\/div>\n\t\t\t<\/div><li class=\"dsm_icon_list_child dsm_icon_list_child_0\">\n\t\t\t\t\n\t\t\t\t\n\t\t\t\t\n\t\t\t\t\n\t\t\t\t<span class=\"dsm_icon_list_wrapper\"><span class=\"dsm_icon_list_icon\"><\/span><\/span><span class=\"dsm_icon_list_text\">&#8221;18<\/span>\n\t\t\t<\/li><\/p>\n","protected":false},"author":1,"featured_media":357346,"parent":0,"menu_order":0,"comment_status":"closed","ping_status":"closed","template":"","meta":{"_acf_changed":false,"_seopress_robots_primary_cat":"","_seopress_titles_title":"Kullan\u0131m Ko\u015fullar\u0131 | G\u00fcvenli ve Emniyetli Scooter Kiralama","_seopress_titles_desc":"Boka Scooter Kiralama Ko\u015fullar\u0131 Hakk\u0131nda Her \u015eeyi \u00d6\u011frenin. Kurallar, sorumluluklar ve Karada\u011f\u2019da g\u00fcvenli ve keyifli bir s\u00fcr\u00fc\u015f i\u00e7in bilmeniz gereken her \u015fey.","_seopress_robots_index":"","_et_pb_use_builder":"on","_et_pb_old_content":"","_et_gb_content_width":"","footnotes":""},"class_list":["post-357362","page","type-page","status-publish","has-post-thumbnail","hentry"],"acf":[],"_links":{"self":[{"href":"https:\/\/bokascooter.com\/tr\/wp-json\/wp\/v2\/pages\/357362","targetHints":{"allow":["GET"]}}],"collection":[{"href":"https:\/\/bokascooter.com\/tr\/wp-json\/wp\/v2\/pages"}],"about":[{"href":"https:\/\/bokascooter.com\/tr\/wp-json\/wp\/v2\/types\/page"}],"author":[{"embeddable":true,"href":"https:\/\/bokascooter.com\/tr\/wp-json\/wp\/v2\/users\/1"}],"replies":[{"embeddable":true,"href":"https:\/\/bokascooter.com\/tr\/wp-json\/wp\/v2\/comments?post=357362"}],"version-history":[{"count":2,"href":"https:\/\/bokascooter.com\/tr\/wp-json\/wp\/v2\/pages\/357362\/revisions"}],"predecessor-version":[{"id":357364,"href":"https:\/\/bokascooter.com\/tr\/wp-json\/wp\/v2\/pages\/357362\/revisions\/357364"}],"wp:featuredmedia":[{"embeddable":true,"href":"https:\/\/bokascooter.com\/tr\/wp-json\/wp\/v2\/media\/357346"}],"wp:attachment":[{"href":"https:\/\/bokascooter.com\/tr\/wp-json\/wp\/v2\/media?parent=357362"}],"curies":[{"name":"wp","href":"https:\/\/api.w.org\/{rel}","templated":true}]}}