{"id":355841,"date":"2024-02-13T00:42:21","date_gmt":"2024-02-13T00:42:21","guid":{"rendered":"https:\/\/bokascooter.com\/?page_id=355841"},"modified":"2025-02-15T19:27:30","modified_gmt":"2025-02-15T17:27:30","slug":"ponuda","status":"publish","type":"page","link":"https:\/\/bokascooter.com\/mne\/ponuda\/","title":{"rendered":"Ponuda"},"content":{"rendered":"<p>[et_pb_section fb_built=&#8221;1&#8243; custom_padding_last_edited=&#8221;on|phone&#8221; _builder_version=&#8221;4.24.2&#8243; _module_preset=&#8221;default&#8221; use_background_color_gradient=&#8221;on&#8221; background_color_gradient_stops=&#8221;#f1f1f1 0%|rgba(241,241,241,0.73) 36%&#8221; background_color_gradient_overlays_image=&#8221;on&#8221; background_image=&#8221;https:\/\/bokascooter.com\/wp-content\/uploads\/2024\/02\/nasa-ponuda.jpg&#8221; background_position=&#8221;bottom_center&#8221; background_vertical_offset=&#8221;38%&#8221; custom_margin=&#8221;||20px||false|false&#8221; custom_padding=&#8221;200px||0px||false|false&#8221; custom_padding_tablet=&#8221;180px||0px||false|false&#8221; custom_padding_phone=&#8221;140px||||false|false&#8221; global_colors_info=&#8221;{}&#8221;][et_pb_row _builder_version=&#8221;4.24.0&#8243; _module_preset=&#8221;default&#8221; width=&#8221;90%&#8221; custom_padding=&#8221;||0px||false|false&#8221; global_colors_info=&#8221;{}&#8221;][et_pb_column type=&#8221;4_4&#8243; _builder_version=&#8221;4.24.0&#8243; _module_preset=&#8221;default&#8221; global_colors_info=&#8221;{}&#8221;][et_pb_text _builder_version=&#8221;4.24.0&#8243; _module_preset=&#8221;default&#8221; header_font=&#8221;|700|||||||&#8221; header_font_size=&#8221;45px&#8221; background_image=&#8221;https:\/\/bokascooter.com\/wp-content\/uploads\/2024\/02\/Ellipse-bck.png&#8221; background_size=&#8221;contain&#8221; background_position=&#8221;center_left&#8221; custom_margin=&#8221;||-35px||false|false&#8221; custom_padding=&#8221;45px||40px|20px|false|false&#8221; custom_padding_tablet=&#8221;45px||40px||false|false&#8221; custom_padding_phone=&#8221;35px||30px||false|false&#8221; custom_padding_last_edited=&#8221;on|desktop&#8221; header_font_size_tablet=&#8221;40px&#8221; header_font_size_phone=&#8221;35px&#8221; header_font_size_last_edited=&#8221;on|phone&#8221; global_colors_info=&#8221;{}&#8221;]<\/p>\n<h1>Na\u0161a ponuda<\/h1>\n<p>[\/et_pb_text][\/et_pb_column][\/et_pb_row][\/et_pb_section][et_pb_section fb_built=&#8221;1&#8243; _builder_version=&#8221;4.24.0&#8243; _module_preset=&#8221;default&#8221; global_colors_info=&#8221;{}&#8221;][et_pb_row _builder_version=&#8221;4.24.0&#8243; _module_preset=&#8221;default&#8221; width=&#8221;90%&#8221; custom_padding=&#8221;0px||0px||true|false&#8221; global_colors_info=&#8221;{}&#8221;][et_pb_column type=&#8221;4_4&#8243; _builder_version=&#8221;4.24.0&#8243; _module_preset=&#8221;default&#8221; global_colors_info=&#8221;{}&#8221;][et_pb_text _builder_version=&#8221;4.24.0&#8243; _module_preset=&#8221;default&#8221; global_colors_info=&#8221;{}&#8221;]<\/p>\n<p><span>Izaberite scooter koji Vam odgovara i po\u0161aljite rezervaciju<\/span><\/p>\n<p>[\/et_pb_text][et_pb_de_mach_archive_loop post_type_choose=&#8221;rent-a-scooter&#8221; loop_layout=&#8221;355795&#8243; include_current_terms=&#8221;on&#8221; link_whole_gird=&#8221;on&#8221; columns=&#8221;3&#8243; _builder_version=&#8221;4.24.0&#8243; _module_preset=&#8221;default&#8221; custom_padding=&#8221;||||false|true&#8221; custom_padding_tablet=&#8221;|5%||5%|false|true&#8221; custom_padding_phone=&#8221;|5%||5%|false|true&#8221; custom_padding_last_edited=&#8221;on|tablet&#8221; global_colors_info=&#8221;{}&#8221;][\/et_pb_de_mach_archive_loop][\/et_pb_column][\/et_pb_row][\/et_pb_section][et_pb_section fb_built=&#8221;1&#8243; _builder_version=&#8221;4.24.0&#8243; _module_preset=&#8221;default&#8221; background_color=&#8221;#F1F1F1&#8243; custom_padding=&#8221;0px||0px||true|false&#8221; locked=&#8221;off&#8221; global_colors_info=&#8221;{}&#8221;][et_pb_row disabled_on=&#8221;on|off|off&#8221; _builder_version=&#8221;4.24.2&#8243; _module_preset=&#8221;default&#8221; background_color=&#8221;rgba(241,241,241,0.85)&#8221; background_image=&#8221;https:\/\/bokascooter.com\/wp-content\/uploads\/2024\/02\/zasto-nas-biraju-bck.jpg&#8221; background_position=&#8221;top_center&#8221; background_vertical_offset=&#8221;33%&#8221; background_blend=&#8221;overlay&#8221; positioning=&#8221;absolute&#8221; position_origin_a=&#8221;top_right&#8221; width=&#8221;50%&#8221; max_width=&#8221;100%&#8221; height=&#8221;100%&#8221; global_colors_info=&#8221;{}&#8221;][et_pb_column type=&#8221;4_4&#8243; _builder_version=&#8221;4.24.0&#8243; _module_preset=&#8221;default&#8221; global_colors_info=&#8221;{}&#8221;][\/et_pb_column][\/et_pb_row][et_pb_row column_structure=&#8221;1_2,1_2&#8243; make_equal=&#8221;on&#8221; custom_padding_last_edited=&#8221;on|desktop&#8221; _builder_version=&#8221;4.24.2&#8243; _module_preset=&#8221;default&#8221; background_image=&#8221;https:\/\/bokascooter.com\/wp-content\/uploads\/2024\/02\/Yamaha-XMAX-Boka.png&#8221; background_size=&#8221;contain&#8221; z_index=&#8221;1&#8243; width=&#8221;90%&#8221; width_tablet=&#8221;90%&#8221; width_phone=&#8221;100%&#8221; width_last_edited=&#8221;on|tablet&#8221; custom_margin=&#8221;||||true|false&#8221; custom_padding=&#8221;60px||60px||true|false&#8221; custom_padding_tablet=&#8221;||40px||false|false&#8221; custom_padding_phone=&#8221;0px||0px||false|false&#8221; background_last_edited=&#8221;on|desktop&#8221; background_enable_image_tablet=&#8221;off&#8221; global_colors_info=&#8221;{}&#8221; custom_css_main_element_last_edited=&#8221;on|desktop&#8221;][et_pb_column type=&#8221;1_2&#8243; _builder_version=&#8221;4.24.2&#8243; _module_preset=&#8221;default&#8221; custom_padding=&#8221;|100px|||false|false&#8221; custom_padding_tablet=&#8221;|5%|||false|false&#8221; custom_padding_phone=&#8221;40px|5%|40px|5%|false|false&#8221; custom_padding_last_edited=&#8221;on|phone&#8221; background_color_phone=&#8221;rgba(241,241,241,0.85)&#8221; background_last_edited=&#8221;on|phone&#8221; background_enable_color_phone=&#8221;on&#8221; background_image_phone=&#8221;https:\/\/bokascooter.com\/wp-content\/uploads\/2024\/02\/zasto-nas-biraju-bck.jpg&#8221; background_enable_image_phone=&#8221;on&#8221; background_blend_phone=&#8221;overlay&#8221; custom_css_main_element=&#8221;margin: auto;&#8221; global_colors_info=&#8221;{}&#8221; custom_css_main_element_last_edited=&#8221;on|phone&#8221; custom_css_main_element_tablet=&#8221;width: 50%;||&#8221; custom_css_main_element_phone=&#8221; &#8220;][et_pb_text _builder_version=&#8221;4.24.0&#8243; _module_preset=&#8221;default&#8221; header_2_font=&#8221;|700|||||||&#8221; header_2_font_size=&#8221;38px&#8221; custom_margin=&#8221;0px||20px||false|false&#8221; custom_padding=&#8221;7px|||10px|false|false&#8221; header_2_font_size_tablet=&#8221;32px&#8221; header_2_font_size_phone=&#8221;30px&#8221; header_2_font_size_last_edited=&#8221;on|tablet&#8221; border_width_left=&#8221;6px&#8221; border_color_left=&#8221;gcid-def35d77-8589-4b44-ba15-719b5a5b8058&#8243; global_colors_info=&#8221;{%22gcid-def35d77-8589-4b44-ba15-719b5a5b8058%22:%91%22border_color_left%22%93}&#8221;]<\/p>\n<h2>Za\u0161to nas biraju?<\/h2>\n<p>[\/et_pb_text][et_pb_blurb title=&#8221;Najbolje cijene&#8221; image=&#8221;https:\/\/bokascooter.com\/wp-content\/uploads\/2024\/02\/najbolja-cijena.png&#8221; icon_placement=&#8221;left&#8221; image_icon_width=&#8221;70px&#8221; _builder_version=&#8221;4.24.0&#8243; _module_preset=&#8221;default&#8221; header_font=&#8221;|700|||||||&#8221; header_font_size=&#8221;20px&#8221; module_alignment=&#8221;left&#8221; custom_margin=&#8221;||20px||false|false&#8221; custom_margin_tablet=&#8221;||20px||false|false&#8221; custom_margin_phone=&#8221;|15px||15px|false|false&#8221; custom_margin_last_edited=&#8221;on|phone&#8221; custom_css_blurb_title=&#8221;margin-top: 24px!important;&#8221; global_colors_info=&#8221;{}&#8221;][\/et_pb_blurb][et_pb_blurb title=&#8221;Najbolji kvalitet&#8221; image=&#8221;https:\/\/bokascooter.com\/wp-content\/uploads\/2024\/02\/najbolji-kvalitet.png&#8221; icon_placement=&#8221;left&#8221; image_icon_width=&#8221;70px&#8221; _builder_version=&#8221;4.24.0&#8243; _module_preset=&#8221;default&#8221; header_font=&#8221;|700|||||||&#8221; header_font_size=&#8221;20px&#8221; module_alignment=&#8221;left&#8221; custom_margin=&#8221;||20px||false|false&#8221; custom_margin_tablet=&#8221;||20px||false|false&#8221; custom_margin_phone=&#8221;|15px||15px|false|false&#8221; custom_margin_last_edited=&#8221;on|phone&#8221; custom_css_blurb_title=&#8221;margin-top: 24px!important;&#8221; global_colors_info=&#8221;{}&#8221;][\/et_pb_blurb][et_pb_blurb title=&#8221;Dostava na lokaciju&#8221; image=&#8221;https:\/\/bokascooter.com\/wp-content\/uploads\/2024\/02\/dostava-na-lokaciju.png&#8221; icon_placement=&#8221;left&#8221; image_icon_width=&#8221;70px&#8221; _builder_version=&#8221;4.24.0&#8243; _module_preset=&#8221;default&#8221; header_font=&#8221;|700|||||||&#8221; header_font_size=&#8221;20px&#8221; module_alignment=&#8221;left&#8221; custom_margin=&#8221;||20px||false|false&#8221; custom_margin_tablet=&#8221;||20px||false|false&#8221; custom_margin_phone=&#8221;|15px||15px|false|false&#8221; custom_margin_last_edited=&#8221;on|phone&#8221; custom_css_blurb_title=&#8221;margin-top: 24px!important;&#8221; global_colors_info=&#8221;{}&#8221;][\/et_pb_blurb][et_pb_blurb title=&#8221;Skuteri od 50cc3 do 400cc3&#8243; image=&#8221;https:\/\/bokascooter.com\/wp-content\/uploads\/2024\/02\/dostava-na-lokaciju.png&#8221; icon_placement=&#8221;left&#8221; image_icon_width=&#8221;70px&#8221; _builder_version=&#8221;4.24.0&#8243; _module_preset=&#8221;default&#8221; header_font=&#8221;|700|||||||&#8221; header_font_size=&#8221;20px&#8221; module_alignment=&#8221;left&#8221; custom_margin=&#8221;||0px||false|false&#8221; custom_margin_tablet=&#8221;||0px||false|false&#8221; custom_margin_phone=&#8221;|15px|0px|15px|false|false&#8221; custom_margin_last_edited=&#8221;on|phone&#8221; custom_css_blurb_title=&#8221;margin-top: 24px!important;&#8221; global_colors_info=&#8221;{}&#8221;][\/et_pb_blurb][\/et_pb_column][et_pb_column type=&#8221;1_2&#8243; module_class=&#8221;pa-inline-buttons&#8221; _builder_version=&#8221;4.24.2&#8243; _module_preset=&#8221;default&#8221; custom_padding=&#8221;|||100px|false|false&#8221; custom_padding_tablet=&#8221;|0px||5%|false|false&#8221; custom_padding_phone=&#8221;|10%|50px|5%|false|false&#8221; custom_padding_last_edited=&#8221;on|phone&#8221; custom_css_main_element=&#8221;margin: auto;&#8221; global_colors_info=&#8221;{}&#8221; custom_css_main_element_last_edited=&#8221;on|tablet&#8221; custom_css_main_element_tablet=&#8221;width: 50%;||margin: auto;&#8221; custom_css_main_element_phone=&#8221; &#8220;][et_pb_text _builder_version=&#8221;4.27.4&#8243; _module_preset=&#8221;default&#8221; text_orientation=&#8221;justified&#8221; custom_padding=&#8221;|||20px|false|false&#8221; hover_enabled=&#8221;0&#8243; global_colors_info=&#8221;{}&#8221; sticky_enabled=&#8221;0&#8243;]<\/p>\n<p><span>Boka Rent-a-Scooter je smje\u0161ten u Tivtu, centralnom gradu Bokokotorskog zaliva, i Podgorici, glavnom gradu dr\u017eave.<\/span><\/p>\n<p><span><span class=\"selectable-text copyable-text\">Zapo\u010dela je s radom\u00a0<\/span>2019. godine i od tada je predanim radom i posve\u0107eno\u0161\u0107u postala vode\u0107a agencija u Crnoj Gori.<br \/>Mno\u0161tvo zadovoljnih klijenata i njihove povratne informacije potvr\u0111uju da smo na pravom putu.<\/span><\/p>\n<p>[\/et_pb_text][et_pb_button button_url=&#8221;@ET-DC@eyJkeW5hbWljIjp0cnVlLCJjb250ZW50IjoicG9zdF9saW5rX3VybF9wYWdlIiwic2V0dGluZ3MiOnsicG9zdF9pZCI6IjM1NTcxNSJ9fQ==@&#8221; button_text=&#8221;O nama&#8221; button_alignment=&#8221;center&#8221; _builder_version=&#8221;4.24.2&#8243; _dynamic_attributes=&#8221;button_url&#8221; _module_preset=&#8221;default&#8221; custom_margin=&#8221;|10px|0px|20px|false|false&#8221; custom_css_main_element=&#8221;width: 128px;||display: inline-block;&#8221; global_colors_info=&#8221;{}&#8221;][\/et_pb_button][et_pb_button button_url=&#8221;@ET-DC@eyJkeW5hbWljIjp0cnVlLCJjb250ZW50IjoicG9zdF9saW5rX3VybF9wYWdlIiwic2V0dGluZ3MiOnsicG9zdF9pZCI6IjM1NTcyNyJ9fQ==@&#8221; button_text=&#8221;Uslovi&#8221; button_alignment=&#8221;center&#8221; _builder_version=&#8221;4.24.2&#8243; _dynamic_attributes=&#8221;button_url&#8221; _module_preset=&#8221;default&#8221; custom_margin=&#8221;||0px||false|false&#8221; custom_css_main_element=&#8221;width: 128px;||&#8221; global_colors_info=&#8221;{}&#8221;][\/et_pb_button][\/et_pb_column][\/et_pb_row][\/et_pb_section]<\/p>\n","protected":false},"excerpt":{"rendered":"<p>Na\u0161a ponudaIzaberite scooter koji Vam odgovara i po\u0161aljite rezervacijuZa\u0161to nas biraju?Boka Rent-a-Scooter je smje\u0161ten u Tivtu, centralnom gradu Bokokotorskog zaliva, i Podgorici, glavnom gradu dr\u017eave. Zapo\u010dela je s radom\u00a02019. godine i od tada je predanim radom i posve\u0107eno\u0161\u0107u postala vode\u0107a agencija u Crnoj Gori.Mno\u0161tvo zadovoljnih klijenata i njihove povratne informacije potvr\u0111uju da smo na pravom putu.<\/p>\n","protected":false},"author":1,"featured_media":355392,"parent":0,"menu_order":0,"comment_status":"closed","ping_status":"closed","template":"","meta":{"_acf_changed":false,"_seopress_robots_primary_cat":"","_seopress_titles_title":"Ponuda Boka Scooter | Izaberite Savr\u0161en Skuter po Va\u0161oj Mjeri","_seopress_titles_desc":"Istra\u017eite na\u0161u \u0161iroku ponudu skutera za najam u Crnoj Gori. Od 50cc do 400cc, prona\u0111ite savr\u0161en skuter za svoje avanture.","_seopress_robots_index":"","_et_pb_use_builder":"on","_et_pb_old_content":"","_et_gb_content_width":"","footnotes":""},"class_list":["post-355841","page","type-page","status-publish","has-post-thumbnail","hentry"],"acf":[],"_links":{"self":[{"href":"https:\/\/bokascooter.com\/mne\/wp-json\/wp\/v2\/pages\/355841","targetHints":{"allow":["GET"]}}],"collection":[{"href":"https:\/\/bokascooter.com\/mne\/wp-json\/wp\/v2\/pages"}],"about":[{"href":"https:\/\/bokascooter.com\/mne\/wp-json\/wp\/v2\/types\/page"}],"author":[{"embeddable":true,"href":"https:\/\/bokascooter.com\/mne\/wp-json\/wp\/v2\/users\/1"}],"replies":[{"embeddable":true,"href":"https:\/\/bokascooter.com\/mne\/wp-json\/wp\/v2\/comments?post=355841"}],"version-history":[{"count":29,"href":"https:\/\/bokascooter.com\/mne\/wp-json\/wp\/v2\/pages\/355841\/revisions"}],"predecessor-version":[{"id":357414,"href":"https:\/\/bokascooter.com\/mne\/wp-json\/wp\/v2\/pages\/355841\/revisions\/357414"}],"wp:featuredmedia":[{"embeddable":true,"href":"https:\/\/bokascooter.com\/mne\/wp-json\/wp\/v2\/media\/355392"}],"wp:attachment":[{"href":"https:\/\/bokascooter.com\/mne\/wp-json\/wp\/v2\/media?parent=355841"}],"curies":[{"name":"wp","href":"https:\/\/api.w.org\/{rel}","templated":true}]}}