{"id":355744,"date":"2024-02-12T13:58:58","date_gmt":"2024-02-12T13:58:58","guid":{"rendered":"https:\/\/bokascooter.com\/?page_id=355744"},"modified":"2026-04-15T23:59:57","modified_gmt":"2026-04-15T21:59:57","slug":"kontakt","status":"publish","type":"page","link":"https:\/\/bokascooter.com\/mne\/kontakt\/","title":{"rendered":"Kontakt"},"content":{"rendered":"<p>[et_pb_section fb_built=&#8221;1&#8243; custom_padding_last_edited=&#8221;on|phone&#8221; _builder_version=&#8221;4.24.2&#8243; _module_preset=&#8221;default&#8221; background_enable_color=&#8221;off&#8221; use_background_color_gradient=&#8221;on&#8221; background_color_gradient_stops=&#8221;#f1f1f1 0%|rgba(241,241,241,0.6) 36%&#8221; background_image=&#8221;https:\/\/bokascooter.com\/wp-content\/uploads\/2024\/02\/kontakt-pozadina.jpg&#8221; background_blend=&#8221;overlay&#8221; custom_margin=&#8221;||20px||false|false&#8221; custom_padding=&#8221;200px||0px||false|false&#8221; custom_padding_tablet=&#8221;180px||0px||false|false&#8221; custom_padding_phone=&#8221;140px||||false|false&#8221; global_colors_info=&#8221;{}&#8221;][et_pb_row _builder_version=&#8221;4.24.0&#8243; _module_preset=&#8221;default&#8221; width=&#8221;90%&#8221; custom_padding=&#8221;||0px||false|false&#8221; global_colors_info=&#8221;{}&#8221;][et_pb_column type=&#8221;4_4&#8243; _builder_version=&#8221;4.24.0&#8243; _module_preset=&#8221;default&#8221; global_colors_info=&#8221;{}&#8221;][et_pb_text _builder_version=&#8221;4.24.0&#8243; _module_preset=&#8221;default&#8221; header_font=&#8221;|700|||||||&#8221; header_font_size=&#8221;45px&#8221; background_image=&#8221;https:\/\/bokascooter.com\/wp-content\/uploads\/2024\/02\/Ellipse-bck.png&#8221; background_size=&#8221;contain&#8221; background_position=&#8221;center_left&#8221; custom_margin=&#8221;||-35px||false|false&#8221; custom_padding=&#8221;45px||40px|20px|false|false&#8221; custom_padding_tablet=&#8221;45px||40px||false|false&#8221; custom_padding_phone=&#8221;35px||30px||false|false&#8221; custom_padding_last_edited=&#8221;on|desktop&#8221; header_font_size_tablet=&#8221;40px&#8221; header_font_size_phone=&#8221;35px&#8221; header_font_size_last_edited=&#8221;on|phone&#8221; global_colors_info=&#8221;{}&#8221;]<\/p>\n<h1>Kontakt<\/h1>\n<p>[\/et_pb_text][\/et_pb_column][\/et_pb_row][\/et_pb_section][et_pb_section fb_built=&#8221;1&#8243; _builder_version=&#8221;4.24.0&#8243; _module_preset=&#8221;default&#8221; background_enable_color=&#8221;off&#8221; custom_padding=&#8221;||||true|false&#8221; locked=&#8221;off&#8221; global_colors_info=&#8221;{}&#8221;][et_pb_row make_equal=&#8221;on&#8221; custom_padding_last_edited=&#8221;on|phone&#8221; _builder_version=&#8221;4.26.0&#8243; _module_preset=&#8221;default&#8221; background_color=&#8221;#f1f1f1&#8243; background_image=&#8221;https:\/\/bokascooter.com\/wp-content\/uploads\/2024\/01\/portrait-beautiful-girl-driving-scooter-cliff-with-amazing-ocean-view-scaled.jpg&#8221; background_blend=&#8221;overlay&#8221; width=&#8221;90%&#8221; custom_padding=&#8221;50px|50px|50px|50px|true|true&#8221; custom_padding_tablet=&#8221;|5%||5%|true|true&#8221; custom_padding_phone=&#8221;|5%||5%|true|true&#8221; border_radii=&#8221;on|20px|20px|20px|20px&#8221; global_colors_info=&#8221;{}&#8221;][et_pb_column type=&#8221;4_4&#8243; _builder_version=&#8221;4.23.3&#8243; _module_preset=&#8221;default&#8221; global_colors_info=&#8221;{}&#8221;][et_pb_text _builder_version=&#8221;4.24.0&#8243; _module_preset=&#8221;default&#8221; text_orientation=&#8221;justified&#8221; global_colors_info=&#8221;{}&#8221;]<\/p>\n<p><span>Za sva pitanja, sugestije ili upite, molimo Vas da popunite kontakt formu ispod, a mi \u0107emo se potruditi da odgovorimo u najkra\u0107em mogu\u0107em roku.<\/span><\/p>\n<p>[\/et_pb_text][et_pb_contact_form use_spam_service=&#8221;on&#8221; recaptcha_list=&#8221;Boka|Boka-0&#8243; email=&#8221;bokascooter@gmail.com&#8221; success_message=&#8221;<\/p>\n<p>Hvala \u0161to ste nas kontaktirali!<\/p>\n<p>&#8221; submit_button_text=&#8221;Po\u0161alji&#8221; _builder_version=&#8221;4.24.2&#8243; _module_preset=&#8221;default&#8221; _unique_id=&#8221;c55b90f3-a575-486d-b654-772befb76d97&#8243; form_field_background_color=&#8221;#FFFFFF&#8221; form_field_text_color=&#8221;#000000&#8243; form_field_font_size=&#8221;16px&#8221; admin_email_subject=&#8221;Kontakt forma &#8211; poruka&#8221; admin_email_from_name=&#8221;Boka Scooter Upit&#8221; success_message_background=&#8221;#FFFFFF&#8221; success_message_padding=&#8221;10px|10px|0px|10px|false|true&#8221; success_message_border=&#8221;on|10px|10px|10px|10px&#8221; success_message_border_color=&#8221;#56C5D0&#8243; success_message_border_width=&#8221;1px&#8221; success_message_heading_font=&#8221;|700|||||||&#8221; success_message_font=&#8221;|700|||||||&#8221; contact_message_location=&#8221;bottom&#8221; errormessage_wrapper_background=&#8221;#FFFFFF&#8221; errormessage_wrapper_margin=&#8221;10px||||false|false&#8221; errormessage_wrapper_padding=&#8221;10px|10px|0px|10px|false|true&#8221; errormessage_wrapper_border=&#8221;on|10px|10px|10px|10px&#8221; errormessage_wrapper_border_color=&#8221;#ff0026&#8243; errormessage_wrapper_border_width=&#8221;1px&#8221; errormessage_fill_font=&#8221;|700|||||||&#8221; errormessage_errors_font=&#8221;|700|||||||&#8221; border_radii=&#8221;on|10px|10px|10px|10px&#8221; border_width_bottom=&#8221;2px&#8221; border_color_bottom=&#8221;#56C5D0&#8243; global_colors_info=&#8221;{}&#8221;][et_pb_contact_field field_id=&#8221;Ime&#8221; field_title=&#8221;Ime i prezime&#8221; fullwidth_field=&#8221;on&#8221; _builder_version=&#8221;4.23.3&#8243; global_colors_info=&#8221;{}&#8221; button_text_size__hover_enabled=&#8221;off&#8221; button_one_text_size__hover_enabled=&#8221;off&#8221; button_two_text_size__hover_enabled=&#8221;off&#8221; button_text_color__hover_enabled=&#8221;off&#8221; button_one_text_color__hover_enabled=&#8221;off&#8221; button_two_text_color__hover_enabled=&#8221;off&#8221; button_border_width__hover_enabled=&#8221;off&#8221; button_one_border_width__hover_enabled=&#8221;off&#8221; button_two_border_width__hover_enabled=&#8221;off&#8221; button_border_color__hover_enabled=&#8221;off&#8221; button_one_border_color__hover_enabled=&#8221;off&#8221; button_two_border_color__hover_enabled=&#8221;off&#8221; button_border_radius__hover_enabled=&#8221;off&#8221; button_one_border_radius__hover_enabled=&#8221;off&#8221; button_two_border_radius__hover_enabled=&#8221;off&#8221; button_letter_spacing__hover_enabled=&#8221;off&#8221; button_one_letter_spacing__hover_enabled=&#8221;off&#8221; button_two_letter_spacing__hover_enabled=&#8221;off&#8221; button_bg_color__hover_enabled=&#8221;off&#8221; button_one_bg_color__hover_enabled=&#8221;off&#8221; button_two_bg_color__hover_enabled=&#8221;off&#8221;][\/et_pb_contact_field][et_pb_contact_field field_id=&#8221;Email&#8221; field_title=&#8221;Email&#8221; field_type=&#8221;email&#8221; _builder_version=&#8221;4.23.3&#8243; global_colors_info=&#8221;{}&#8221; button_text_size__hover_enabled=&#8221;off&#8221; button_one_text_size__hover_enabled=&#8221;off&#8221; button_two_text_size__hover_enabled=&#8221;off&#8221; button_text_color__hover_enabled=&#8221;off&#8221; button_one_text_color__hover_enabled=&#8221;off&#8221; button_two_text_color__hover_enabled=&#8221;off&#8221; button_border_width__hover_enabled=&#8221;off&#8221; button_one_border_width__hover_enabled=&#8221;off&#8221; button_two_border_width__hover_enabled=&#8221;off&#8221; button_border_color__hover_enabled=&#8221;off&#8221; button_one_border_color__hover_enabled=&#8221;off&#8221; button_two_border_color__hover_enabled=&#8221;off&#8221; button_border_radius__hover_enabled=&#8221;off&#8221; button_one_border_radius__hover_enabled=&#8221;off&#8221; button_two_border_radius__hover_enabled=&#8221;off&#8221; button_letter_spacing__hover_enabled=&#8221;off&#8221; button_one_letter_spacing__hover_enabled=&#8221;off&#8221; button_two_letter_spacing__hover_enabled=&#8221;off&#8221; button_bg_color__hover_enabled=&#8221;off&#8221; button_one_bg_color__hover_enabled=&#8221;off&#8221; button_two_bg_color__hover_enabled=&#8221;off&#8221;][\/et_pb_contact_field][et_pb_contact_field field_id=&#8221;Telefon&#8221; field_title=&#8221;Broj telefona&#8221; _builder_version=&#8221;4.24.2&#8243; field_description=&#8221;Obavezno upi\u0161ite pozivni broj&#8221; global_colors_info=&#8221;{}&#8221; button_text_size__hover_enabled=&#8221;off&#8221; button_one_text_size__hover_enabled=&#8221;off&#8221; button_two_text_size__hover_enabled=&#8221;off&#8221; button_text_color__hover_enabled=&#8221;off&#8221; button_one_text_color__hover_enabled=&#8221;off&#8221; button_two_text_color__hover_enabled=&#8221;off&#8221; button_border_width__hover_enabled=&#8221;off&#8221; button_one_border_width__hover_enabled=&#8221;off&#8221; button_two_border_width__hover_enabled=&#8221;off&#8221; button_border_color__hover_enabled=&#8221;off&#8221; button_one_border_color__hover_enabled=&#8221;off&#8221; button_two_border_color__hover_enabled=&#8221;off&#8221; button_border_radius__hover_enabled=&#8221;off&#8221; button_one_border_radius__hover_enabled=&#8221;off&#8221; button_two_border_radius__hover_enabled=&#8221;off&#8221; button_letter_spacing__hover_enabled=&#8221;off&#8221; button_one_letter_spacing__hover_enabled=&#8221;off&#8221; button_two_letter_spacing__hover_enabled=&#8221;off&#8221; button_bg_color__hover_enabled=&#8221;off&#8221; button_one_bg_color__hover_enabled=&#8221;off&#8221; button_two_bg_color__hover_enabled=&#8221;off&#8221;][\/et_pb_contact_field][et_pb_contact_field field_id=&#8221;Poruka&#8221; field_title=&#8221;Poruka&#8221; field_type=&#8221;text&#8221; fullwidth_field=&#8221;on&#8221; _builder_version=&#8221;4.23.3&#8243; global_colors_info=&#8221;{}&#8221; button_text_size__hover_enabled=&#8221;off&#8221; button_one_text_size__hover_enabled=&#8221;off&#8221; button_two_text_size__hover_enabled=&#8221;off&#8221; button_text_color__hover_enabled=&#8221;off&#8221; button_one_text_color__hover_enabled=&#8221;off&#8221; button_two_text_color__hover_enabled=&#8221;off&#8221; button_border_width__hover_enabled=&#8221;off&#8221; button_one_border_width__hover_enabled=&#8221;off&#8221; button_two_border_width__hover_enabled=&#8221;off&#8221; button_border_color__hover_enabled=&#8221;off&#8221; button_one_border_color__hover_enabled=&#8221;off&#8221; button_two_border_color__hover_enabled=&#8221;off&#8221; button_border_radius__hover_enabled=&#8221;off&#8221; button_one_border_radius__hover_enabled=&#8221;off&#8221; button_two_border_radius__hover_enabled=&#8221;off&#8221; button_letter_spacing__hover_enabled=&#8221;off&#8221; button_one_letter_spacing__hover_enabled=&#8221;off&#8221; button_two_letter_spacing__hover_enabled=&#8221;off&#8221; button_bg_color__hover_enabled=&#8221;off&#8221; button_one_bg_color__hover_enabled=&#8221;off&#8221; button_two_bg_color__hover_enabled=&#8221;off&#8221;][\/et_pb_contact_field][\/et_pb_contact_form][\/et_pb_column][\/et_pb_row][et_pb_row use_custom_gutter=&#8221;on&#8221; gutter_width=&#8221;2&#8243; _builder_version=&#8221;4.27.6&#8243; _module_preset=&#8221;default&#8221; width=&#8221;90%&#8221; custom_margin=&#8221;||0px||false|false&#8221; custom_padding=&#8221;||0px||false|false&#8221; hover_enabled=&#8221;0&#8243; global_colors_info=&#8221;{}&#8221; sticky_enabled=&#8221;0&#8243;][et_pb_column type=&#8221;4_4&#8243; _builder_version=&#8221;4.26.0&#8243; _module_preset=&#8221;default&#8221; global_colors_info=&#8221;{}&#8221;][et_pb_code _builder_version=&#8221;4.26.0&#8243; _module_preset=&#8221;default&#8221; filter_saturate=&#8221;40%&#8221; global_colors_info=&#8221;{}&#8221;]<iframe src=\"https:\/\/www.google.com\/maps\/embed?pb=!1m14!1m8!1m3!1d11777.001111127318!2d18.6893691!3d42.4436907!3m2!1i1024!2i768!4f13.1!3m3!1m2!1s0x134c311f2c022877%3A0xdd00b5763f5cbe52!2sRent-a-scooter%20BOKA!5e0!3m2!1sen!2s!4v1708591342259!5m2!1sen!2s\" width=\"100%\" height=\"410\" style=\"border:0;border-radius:20px;\" allowfullscreen=\"\" loading=\"lazy\" referrerpolicy=\"no-referrer-when-downgrade\"><\/iframe>[\/et_pb_code][\/et_pb_column][\/et_pb_row][\/et_pb_section]<\/p>\n","protected":false},"excerpt":{"rendered":"<p>KontaktZa sva pitanja, sugestije ili upite, molimo Vas da popunite kontakt formu ispod, a mi \u0107emo se potruditi da odgovorimo u najkra\u0107em mogu\u0107em roku.<\/p>\n","protected":false},"author":1,"featured_media":355392,"parent":0,"menu_order":0,"comment_status":"closed","ping_status":"closed","template":"","meta":{"_acf_changed":false,"_seopress_robots_primary_cat":"","_seopress_titles_title":"Kontaktirajte Nas - Boka Scooter | Tu smo za sva Va\u0161a Pitanja","_seopress_titles_desc":"Imate pitanja ili trebate vi\u0161e informacija? Kontaktirajte Boka Scooter danas putem na\u0161e kontakt forme, emaila ili telefona. O\u010dekujemo Va\u0161 poziv ili poruku!","_seopress_robots_index":"","_et_pb_use_builder":"on","_et_pb_old_content":"","_et_gb_content_width":"","footnotes":""},"class_list":["post-355744","page","type-page","status-publish","has-post-thumbnail","hentry"],"acf":[],"_links":{"self":[{"href":"https:\/\/bokascooter.com\/mne\/wp-json\/wp\/v2\/pages\/355744","targetHints":{"allow":["GET"]}}],"collection":[{"href":"https:\/\/bokascooter.com\/mne\/wp-json\/wp\/v2\/pages"}],"about":[{"href":"https:\/\/bokascooter.com\/mne\/wp-json\/wp\/v2\/types\/page"}],"author":[{"embeddable":true,"href":"https:\/\/bokascooter.com\/mne\/wp-json\/wp\/v2\/users\/1"}],"replies":[{"embeddable":true,"href":"https:\/\/bokascooter.com\/mne\/wp-json\/wp\/v2\/comments?post=355744"}],"version-history":[{"count":32,"href":"https:\/\/bokascooter.com\/mne\/wp-json\/wp\/v2\/pages\/355744\/revisions"}],"predecessor-version":[{"id":357873,"href":"https:\/\/bokascooter.com\/mne\/wp-json\/wp\/v2\/pages\/355744\/revisions\/357873"}],"wp:featuredmedia":[{"embeddable":true,"href":"https:\/\/bokascooter.com\/mne\/wp-json\/wp\/v2\/media\/355392"}],"wp:attachment":[{"href":"https:\/\/bokascooter.com\/mne\/wp-json\/wp\/v2\/media?parent=355744"}],"curies":[{"name":"wp","href":"https:\/\/api.w.org\/{rel}","templated":true}]}}