{"id":355727,"date":"2024-02-12T13:07:01","date_gmt":"2024-02-12T13:07:01","guid":{"rendered":"https:\/\/bokascooter.com\/?page_id=355727"},"modified":"2025-02-10T12:59:13","modified_gmt":"2025-02-10T10:59:13","slug":"uslovi","status":"publish","type":"page","link":"https:\/\/bokascooter.com\/mne\/uslovi\/","title":{"rendered":"Uslovi"},"content":{"rendered":"<p>[et_pb_section fb_built=&#8221;1&#8243; custom_padding_last_edited=&#8221;on|phone&#8221; _builder_version=&#8221;4.24.2&#8243; _module_preset=&#8221;default&#8221; background_enable_color=&#8221;off&#8221; use_background_color_gradient=&#8221;on&#8221; background_color_gradient_stops=&#8221;#f1f1f1 0%|rgba(241,241,241,0.6) 36%&#8221; background_image=&#8221;https:\/\/bokascooter.com\/wp-content\/uploads\/2024\/02\/Uslovi-ugovor.jpg&#8221; background_position=&#8221;bottom_center&#8221; background_vertical_offset=&#8221;31%&#8221; background_blend=&#8221;overlay&#8221; custom_margin=&#8221;||20px||false|false&#8221; custom_padding=&#8221;200px||0px||false|false&#8221; custom_padding_tablet=&#8221;180px||0px||false|false&#8221; custom_padding_phone=&#8221;140px||||false|false&#8221; global_colors_info=&#8221;{}&#8221;][et_pb_row _builder_version=&#8221;4.24.0&#8243; _module_preset=&#8221;default&#8221; width=&#8221;90%&#8221; custom_padding=&#8221;||0px||false|false&#8221; global_colors_info=&#8221;{}&#8221;][et_pb_column type=&#8221;4_4&#8243; _builder_version=&#8221;4.24.0&#8243; _module_preset=&#8221;default&#8221; global_colors_info=&#8221;{}&#8221;][et_pb_text _builder_version=&#8221;4.24.0&#8243; _module_preset=&#8221;default&#8221; header_font=&#8221;|700|||||||&#8221; header_font_size=&#8221;45px&#8221; background_image=&#8221;https:\/\/bokascooter.com\/wp-content\/uploads\/2024\/02\/Ellipse-bck.png&#8221; background_size=&#8221;contain&#8221; background_position=&#8221;center_left&#8221; custom_margin=&#8221;||-35px||false|false&#8221; custom_padding=&#8221;45px||40px|20px|false|false&#8221; custom_padding_tablet=&#8221;45px||40px||false|false&#8221; custom_padding_phone=&#8221;35px||30px||false|false&#8221; custom_padding_last_edited=&#8221;on|desktop&#8221; header_font_size_tablet=&#8221;40px&#8221; header_font_size_phone=&#8221;35px&#8221; header_font_size_last_edited=&#8221;on|phone&#8221; global_colors_info=&#8221;{}&#8221;]<\/p>\n<h1>Uslovi kori\u0161\u0107enja<\/h1>\n<p>[\/et_pb_text][\/et_pb_column][\/et_pb_row][\/et_pb_section][et_pb_section fb_built=&#8221;1&#8243; _builder_version=&#8221;4.24.0&#8243; _module_preset=&#8221;default&#8221; global_colors_info=&#8221;{}&#8221;][et_pb_row _builder_version=&#8221;4.24.0&#8243; _module_preset=&#8221;default&#8221; width=&#8221;90%&#8221; custom_padding=&#8221;0px||0px||true|false&#8221; global_colors_info=&#8221;{}&#8221;][et_pb_column type=&#8221;4_4&#8243; _builder_version=&#8221;4.24.0&#8243; _module_preset=&#8221;default&#8221; global_colors_info=&#8221;{}&#8221;][et_pb_text _builder_version=&#8221;4.24.0&#8243; _module_preset=&#8221;default&#8221; text_orientation=&#8221;justified&#8221; custom_margin=&#8221;||0px||false|false&#8221; global_colors_info=&#8221;{}&#8221;]<\/p>\n<p><strong>Op\u0161ti uslovi najma<\/strong><br \/>Op\u0161tim uslovima najma odre\u0111uju se prava i obaveze izme\u0111u iznajmljiva\u010da i korisnika skutera sa druge strane. Korisnik usluga potpisuje ugovor o najmu skutera, kao i obrazac o stanju skutera u momentu preuzimanja \u010dime prihvata odgovornost za po\u0161tovanje svih odredbi i uslova najma.<br \/><strong><\/strong><\/p>\n<p><strong>Ugovor<\/strong><br \/>Sadrzi sve bitne informacije o korisniku usluga,lokaciju preuzimanja, datum i vrijeme, reg. broj skutera,na\u010din placanja&#8230;Najmodavac je du\u017ean da ovjeri ugovor pe\u010datom firme. U slu\u010daju da korisnik \u017eeli obi\u0107i zemlje u okru\u017eenju, du\u017ean je da obavijesti najmodavca koji \u0107e mu izdati posebnu dozvolu za izlaz iz zemlje. Ugovor va\u017ei dok god korisnik ne vrati skuter najmodavcu na unaprijed dogovoreno mjesto i ne preda klju\u010deve i dokumenta. Ugovor ne bacati prije isteka rentiranja. U slu\u010daju nezgode odmah obavijestiti agenciju.<\/p>\n<p><strong>Obrazac o stanju motora<\/strong><br \/>Ispunjava se na licu mjesta prije preuzimanja skutera. Najmodavac i korisnik zajedni\u010dki konstatuju stanje motora, kao i opreme koja dolazi uz skuter. Obrazac sadr\u017ei stanje km,broj kaciga, koli\u010dinu goriva, eventualna o\u0161te\u0107enja kao i nedostatke na samom skuteru.<br \/><strong><\/strong><\/p>\n<p><strong>Cjenovnici<\/strong><br \/>Cjenovnik skutera je interni akt najmodavca koji je podlozan promjenama u zavisnosti od broja dana zakupa, mjesta preuzimanja i vracanja, kao i godisnjeg perioda. Iznos depozita je definisan u zavisnosti od kubika\u017ee i marke skutera. U cijenu je ura\u010dunat PDV. Pla\u0107anje je u euro valati pri preuzimanju skutera.<\/p>\n<p>[\/et_pb_text][\/et_pb_column][\/et_pb_row][\/et_pb_section][et_pb_section fb_built=&#8221;1&#8243; _builder_version=&#8221;4.24.0&#8243; _module_preset=&#8221;default&#8221; background_color=&#8221;#F1F1F1&#8243; global_colors_info=&#8221;{}&#8221;][et_pb_row _builder_version=&#8221;4.24.0&#8243; _module_preset=&#8221;default&#8221; background_enable_color=&#8221;off&#8221; background_enable_image=&#8221;off&#8221; background_size=&#8221;contain&#8221; background_blend=&#8221;overlay&#8221; width=&#8221;90%&#8221; custom_padding=&#8221;0px||0px||false|false&#8221; locked=&#8221;off&#8221; global_colors_info=&#8221;{}&#8221;][et_pb_column type=&#8221;4_4&#8243; _builder_version=&#8221;4.24.0&#8243; _module_preset=&#8221;default&#8221; global_colors_info=&#8221;{}&#8221;][et_pb_text _builder_version=&#8221;4.24.0&#8243; _module_preset=&#8221;default&#8221; header_2_font=&#8221;|700|||||||&#8221; header_2_font_size=&#8221;40px&#8221; custom_margin=&#8221;0px||10px||false|false&#8221; custom_padding=&#8221;7px|||10px|false|false&#8221; header_2_font_size_tablet=&#8221;32px&#8221; header_2_font_size_phone=&#8221;30px&#8221; header_2_font_size_last_edited=&#8221;on|phone&#8221; border_width_left=&#8221;6px&#8221; border_color_left=&#8221;gcid-def35d77-8589-4b44-ba15-719b5a5b8058&#8243; global_colors_info=&#8221;{%22gcid-def35d77-8589-4b44-ba15-719b5a5b8058%22:%91%22border_color_left%22%93}&#8221;]<\/p>\n<h2>Uslovi<\/h2>\n<p>[\/et_pb_text][dsm_icon_list list_space_between=&#8221;15px&#8221; _builder_version=&#8221;4.26.0&#8243; _module_preset=&#8221;default&#8221; text_line_height=&#8221;1.1em&#8221; global_colors_info=&#8221;{}&#8221;][dsm_icon_list_child text=&#8221;Minimum 18god&#8221; font_icon=&#8221;&#xf058;||fa||900&#8243; icon_color=&#8221;#56C5D0&#8243; icon_font_size=&#8221;20px&#8221; _builder_version=&#8221;4.24.0&#8243; _module_preset=&#8221;default&#8221; custom_margin=&#8221;|||20px|false|false&#8221; global_colors_info=&#8221;{}&#8221;][\/dsm_icon_list_child][dsm_icon_list_child text=&#8221;Va\u017ee\u0107a voza\u010dka dozvola u zavisnosti od kubika\u017ee&#8221; font_icon=&#8221;&#xf058;||fa||900&#8243; icon_color=&#8221;#56C5D0&#8243; icon_font_size=&#8221;20px&#8221; _builder_version=&#8221;4.24.0&#8243; _module_preset=&#8221;default&#8221; custom_margin=&#8221;|||20px|false|false&#8221; global_colors_info=&#8221;{}&#8221;][\/dsm_icon_list_child][dsm_icon_list_child text=&#8221;Du\u017eina najma 24h (dan)&#8221; font_icon=&#8221;&#xf058;||fa||900&#8243; icon_color=&#8221;#56C5D0&#8243; icon_font_size=&#8221;20px&#8221; _builder_version=&#8221;4.24.0&#8243; _module_preset=&#8221;default&#8221; custom_margin=&#8221;|||20px|false|false&#8221; global_colors_info=&#8221;{}&#8221;][\/dsm_icon_list_child][dsm_icon_list_child text=&#8221;Pla\u0107anje gotovinom (unaprijed)&#8221; font_icon=&#8221;&#xf058;||fa||900&#8243; icon_color=&#8221;#56C5D0&#8243; icon_font_size=&#8221;20px&#8221; _builder_version=&#8221;4.24.0&#8243; _module_preset=&#8221;default&#8221; custom_margin=&#8221;|||20px|false|false&#8221; global_colors_info=&#8221;{}&#8221;][\/dsm_icon_list_child][dsm_icon_list_child text=&#8221;Depozit gotovina (paso\u0161), depozit se ne vra\u0107e u slu\u010daju bilo kakve \u0161tete&#8221; font_icon=&#8221;&#xf058;||fa||900&#8243; icon_color=&#8221;#56C5D0&#8243; icon_font_size=&#8221;20px&#8221; _builder_version=&#8221;4.24.2&#8243; _module_preset=&#8221;default&#8221; custom_margin=&#8221;|||20px|false|false&#8221; global_colors_info=&#8221;{}&#8221;][\/dsm_icon_list_child][dsm_icon_list_child text=&#8221;Skuter se rentira punog rezervoara&#8221; font_icon=&#8221;&#xf058;||fa||900&#8243; icon_color=&#8221;#56C5D0&#8243; icon_font_size=&#8221;20px&#8221; _builder_version=&#8221;4.24.0&#8243; _module_preset=&#8221;default&#8221; custom_margin=&#8221;|||20px|false|false&#8221; global_colors_info=&#8221;{}&#8221;][\/dsm_icon_list_child][dsm_icon_list_child text=&#8221;Vra\u0107anje skutera punog rezervoara&#8221; font_icon=&#8221;&#xf058;||fa||900&#8243; icon_color=&#8221;#56C5D0&#8243; icon_font_size=&#8221;20px&#8221; _builder_version=&#8221;4.24.0&#8243; _module_preset=&#8221;default&#8221; custom_margin=&#8221;|||20px|false|false&#8221; global_colors_info=&#8221;{}&#8221;][\/dsm_icon_list_child][dsm_icon_list_child text=&#8221;Nedostaju\u0107e gorivo se naplacuje 15\u20ac&#8221; font_icon=&#8221;&#xf058;||fa||900&#8243; icon_color=&#8221;#56C5D0&#8243; icon_font_size=&#8221;20px&#8221; _builder_version=&#8221;4.24.2&#8243; _module_preset=&#8221;default&#8221; custom_margin=&#8221;|||20px|false|false&#8221; global_colors_info=&#8221;{}&#8221;][\/dsm_icon_list_child][dsm_icon_list_child text=&#8221;Gorivo super 95, 98&#8243; font_icon=&#8221;&#xf058;||fa||900&#8243; icon_color=&#8221;#56C5D0&#8243; icon_font_size=&#8221;20px&#8221; _builder_version=&#8221;4.24.0&#8243; _module_preset=&#8221;default&#8221; custom_margin=&#8221;|||20px|false|false&#8221; global_colors_info=&#8221;{}&#8221;][\/dsm_icon_list_child][dsm_icon_list_child text=&#8221;Skuterom mo\u017ee upravljati samo lice koje je navedeno u ugovoru&#8221; font_icon=&#8221;&#xf058;||fa||900&#8243; icon_color=&#8221;#56C5D0&#8243; icon_font_size=&#8221;20px&#8221; _builder_version=&#8221;4.24.0&#8243; _module_preset=&#8221;default&#8221; custom_margin=&#8221;|||20px|false|false&#8221; global_colors_info=&#8221;{}&#8221;][\/dsm_icon_list_child][dsm_icon_list_child text=&#8221;Parking i saobra\u0107ajne kazne odgovornosti su klijenata&#8221; font_icon=&#8221;&#xf058;||fa||900&#8243; icon_color=&#8221;#56C5D0&#8243; icon_font_size=&#8221;20px&#8221; _builder_version=&#8221;4.24.0&#8243; _module_preset=&#8221;default&#8221; custom_margin=&#8221;|||20px|false|false&#8221; global_colors_info=&#8221;{}&#8221;][\/dsm_icon_list_child][dsm_icon_list_child text=&#8221;Zabrana vo\u017enje makadamom, kao i pod dejstvom alkohola i narkotika&#8221; font_icon=&#8221;&#xf058;||fa||900&#8243; icon_color=&#8221;#56C5D0&#8243; icon_font_size=&#8221;20px&#8221; _builder_version=&#8221;4.24.0&#8243; _module_preset=&#8221;default&#8221; custom_margin=&#8221;|||20px|false|false&#8221; global_colors_info=&#8221;{}&#8221;][\/dsm_icon_list_child][dsm_icon_list_child text=&#8221;Dostave van Tivta se dodatno napla\u0107uju&#8221; font_icon=&#8221;&#xf058;||fa||900&#8243; icon_color=&#8221;#56C5D0&#8243; icon_font_size=&#8221;20px&#8221; _builder_version=&#8221;4.24.0&#8243; _module_preset=&#8221;default&#8221; custom_margin=&#8221;|||20px|false|false&#8221; global_colors_info=&#8221;{}&#8221;][\/dsm_icon_list_child][dsm_icon_list_child text=&#8221;Vo\u017enja van granica uz pismenu saglasnost (dan 30\u20ac)&#8221; font_icon=&#8221;&#xf058;||fa||900&#8243; icon_color=&#8221;#56C5D0&#8243; icon_font_size=&#8221;20px&#8221; _builder_version=&#8221;4.24.2&#8243; _module_preset=&#8221;default&#8221; custom_margin=&#8221;|||20px|false|false&#8221; global_colors_info=&#8221;{}&#8221;][\/dsm_icon_list_child][dsm_icon_list_child text=&#8221;Ka\u0161njene u vra\u0107anju max 30min (kasnije se napla\u0107uje dodatni dan)&#8221; font_icon=&#8221;&#xf058;||fa||900&#8243; icon_color=&#8221;#56C5D0&#8243; icon_font_size=&#8221;20px&#8221; _builder_version=&#8221;4.24.0&#8243; _module_preset=&#8221;default&#8221; custom_margin=&#8221;|||20px|false|false&#8221; global_colors_info=&#8221;{}&#8221;][\/dsm_icon_list_child][dsm_icon_list_child text=&#8221;Gubitak klju\u010deva 50\u20ac&#8221; font_icon=&#8221;&#xf058;||fa||900&#8243; icon_color=&#8221;#56C5D0&#8243; icon_font_size=&#8221;20px&#8221; _builder_version=&#8221;4.24.0&#8243; _module_preset=&#8221;default&#8221; custom_margin=&#8221;|||20px|false|false&#8221; global_colors_info=&#8221;{}&#8221;][\/dsm_icon_list_child][dsm_icon_list_child text=&#8221;Gubitak ili o\u0161te\u0107enje kaciga 100\u20ac&#8221; font_icon=&#8221;&#xf058;||fa||900&#8243; icon_color=&#8221;#56C5D0&#8243; icon_font_size=&#8221;20px&#8221; _builder_version=&#8221;4.26.0&#8243; _module_preset=&#8221;default&#8221; custom_margin=&#8221;|||20px|false|false&#8221; global_colors_info=&#8221;{}&#8221;][\/dsm_icon_list_child][dsm_icon_list_child text=&#8221;Gubitak dokumenata 100\u20ac&#8221; font_icon=&#8221;&#xf058;||fa||900&#8243; icon_color=&#8221;#56C5D0&#8243; icon_font_size=&#8221;20px&#8221; _builder_version=&#8221;4.26.0&#8243; _module_preset=&#8221;default&#8221; custom_margin=&#8221;|||20px|false|false&#8221; global_colors_info=&#8221;{}&#8221;][\/dsm_icon_list_child][\/dsm_icon_list][\/et_pb_column][\/et_pb_row][\/et_pb_section]<\/p>\n","protected":false},"excerpt":{"rendered":"<p>Uslovi kori\u0161\u0107enjaOp\u0161ti uslovi najmaOp\u0161tim uslovima najma odre\u0111uju se prava i obaveze izme\u0111u iznajmljiva\u010da i korisnika skutera sa druge strane. Korisnik usluga potpisuje ugovor o najmu skutera, kao i obrazac o stanju skutera u momentu preuzimanja \u010dime prihvata odgovornost za po\u0161tovanje svih odredbi i uslova najma. UgovorSadrzi sve bitne informacije o korisniku usluga,lokaciju preuzimanja, datum i vrijeme, reg. broj skutera,na\u010din placanja&#8230;Najmodavac je du\u017ean da ovjeri ugovor pe\u010datom firme. U slu\u010daju da korisnik \u017eeli obi\u0107i zemlje u okru\u017eenju, du\u017ean je da obavijesti najmodavca koji \u0107e mu izdati posebnu dozvolu za izlaz iz zemlje. Ugovor va\u017ei dok god korisnik ne vrati skuter najmodavcu na unaprijed dogovoreno mjesto i ne preda klju\u010deve i dokumenta. Ugovor ne bacati prije isteka rentiranja. U slu\u010daju nezgode odmah obavijestiti agenciju. Obrazac o stanju motoraIspunjava se na licu mjesta prije preuzimanja skutera. Najmodavac i korisnik zajedni\u010dki konstatuju stanje motora, kao i opreme koja dolazi uz skuter. Obrazac sadr\u017ei stanje km,broj kaciga, koli\u010dinu goriva, eventualna o\u0161te\u0107enja kao i nedostatke na samom skuteru. CjenovniciCjenovnik skutera je interni akt najmodavca koji je podlozan promjenama u zavisnosti od broja dana zakupa, mjesta preuzimanja i vracanja, kao i godisnjeg perioda. Iznos depozita je definisan u zavisnosti od kubika\u017ee i marke skutera. U cijenu je [&hellip;]<\/p>\n","protected":false},"author":1,"featured_media":355392,"parent":0,"menu_order":0,"comment_status":"closed","ping_status":"closed","template":"","meta":{"_acf_changed":false,"_seopress_robots_primary_cat":"","_seopress_titles_title":"Uslovi kori\u0161\u0107enja | Sigurno i Bezbjedno Iznajmljivanje Skutera","_seopress_titles_desc":"Saznajte sve o uslovima iznajmljivanja skutera u Boka Scooter. Pravila, obaveze, i sve \u0161to trebate znati za sigurnu i bezbri\u017enu vo\u017enju po Crnoj Gori.","_seopress_robots_index":"","_et_pb_use_builder":"on","_et_pb_old_content":"","_et_gb_content_width":"","footnotes":""},"class_list":["post-355727","page","type-page","status-publish","has-post-thumbnail","hentry"],"acf":[],"_links":{"self":[{"href":"https:\/\/bokascooter.com\/mne\/wp-json\/wp\/v2\/pages\/355727","targetHints":{"allow":["GET"]}}],"collection":[{"href":"https:\/\/bokascooter.com\/mne\/wp-json\/wp\/v2\/pages"}],"about":[{"href":"https:\/\/bokascooter.com\/mne\/wp-json\/wp\/v2\/types\/page"}],"author":[{"embeddable":true,"href":"https:\/\/bokascooter.com\/mne\/wp-json\/wp\/v2\/users\/1"}],"replies":[{"embeddable":true,"href":"https:\/\/bokascooter.com\/mne\/wp-json\/wp\/v2\/comments?post=355727"}],"version-history":[{"count":17,"href":"https:\/\/bokascooter.com\/mne\/wp-json\/wp\/v2\/pages\/355727\/revisions"}],"predecessor-version":[{"id":357297,"href":"https:\/\/bokascooter.com\/mne\/wp-json\/wp\/v2\/pages\/355727\/revisions\/357297"}],"wp:featuredmedia":[{"embeddable":true,"href":"https:\/\/bokascooter.com\/mne\/wp-json\/wp\/v2\/media\/355392"}],"wp:attachment":[{"href":"https:\/\/bokascooter.com\/mne\/wp-json\/wp\/v2\/media?parent=355727"}],"curies":[{"name":"wp","href":"https:\/\/api.w.org\/{rel}","templated":true}]}}